{"id":1653,"date":"2025-02-12T21:20:34","date_gmt":"2025-02-12T20:20:34","guid":{"rendered":"https:\/\/apartamentgdyniababiedoly.pl\/?page_id=1653"},"modified":"2025-03-19T21:52:46","modified_gmt":"2025-03-19T20:52:46","slug":"polityka-prywatnosci-apartament-gdynia-babie-doly","status":"publish","type":"page","link":"https:\/\/apartamentgdyniababiedoly.pl\/?page_id=1653","title":{"rendered":"Polityka Prywatno\u015bci Apartament Gdynia Babie Do\u0142y"},"content":{"rendered":"\t\t<div data-elementor-type=\"wp-page\" data-elementor-id=\"1653\" class=\"elementor elementor-1653\">\n\t\t\t\t<div class=\"elementor-element elementor-element-a3aa5d2 e-flex e-con-boxed e-con e-parent\" data-id=\"a3aa5d2\" data-element_type=\"container\" data-e-type=\"container\">\n\t\t\t\t\t<div class=\"e-con-inner\">\n\t\t\t\t<div class=\"elementor-element elementor-element-c0a293a elementor-widget elementor-widget-text-editor\" data-id=\"c0a293a\" data-element_type=\"widget\" data-e-type=\"widget\" data-widget_type=\"text-editor.default\">\n\t\t\t\t<div class=\"elementor-widget-container\">\n\t\t\t\t\t\t\t\t\t<p><strong><span style=\"color: #ff0000;\">Polityka Prywatno\u015bci<\/span> <span style=\"color: #ff0000;\">Apartamentu Gdynia Babie Do\u0142y\u00a0 \u00a0\u201e RUT-IT Rados\u0142aw Rutkowski ul. Ikara 22\/IV\/7\u00a0 81-197 Gdynia NIP: 958 139 32 98 REGON: 540876620 \u201d<\/span><\/strong><\/p><ol><li><span style=\"color: #000000;\">Postanowienia og\u00f3lne Niniejsza Polityka Prywatno\u015bci okre\u015bla zasady przetwarzania i ochrony danych osobowych go\u015bci Apartamentu Gdynia Babie Do\u0142y, zgodnie z Rozporz\u0105dzeniem Parlamentu Europejskiego i Rady (UE) 2016\/679 z dnia 27 kwietnia 2016 r. (RODO).<\/span><\/li><li><span style=\"color: #000000;\">Administrator danych osobowych Administratorem danych osobowych jest Apartament Gdynia Babie Do\u0142y, RUT-IT Rados\u0142aw Rutkowski z siedzib\u0105 pod adresem 81-197 Gdynia, Ikara 22\/IV\/7, NIP: 958 139 32 98 e-mail: biuro@apartamentgdyniababiedoly.pl, telefon: +48 576 864 608<\/span><\/li><li><span style=\"color: #000000;\">Zakres i cel przetwarzania danych Przetwarzamy dane osobowe w celu:<\/span><\/li><\/ol><p><span style=\"color: #000000;\">Rezerwacji i realizacji us\u0142ug noclegowych,<\/span><\/p><p><span style=\"color: #000000;\">Kontaktowania si\u0119 z go\u015bciem w sprawach zwi\u0105zanych z pobytem,<\/span><\/p><p><span style=\"color: #000000;\">Wystawiania dokument\u00f3w ksi\u0119gowych,<\/span><\/p><p><span style=\"color: #000000;\">Dochodzenia ewentualnych roszcze\u0144 lub obrony przed roszczeniami,<\/span><\/p><p><span style=\"color: #000000;\">Zapewnienia bezpiecze\u0144stwa (monitoring wizyjny, je\u015bli dotyczy).<\/span><\/p><ol start=\"4\"><li><span style=\"color: #000000;\">Podstawa prawna przetwarzania Podstaw\u0105 przetwarzania danych osobowych jest:<\/span><\/li><\/ol><p><span style=\"color: #000000;\">Umowa zawarta pomi\u0119dzy administratorem a go\u015bciem (art. 6 ust. 1 lit. b RODO),Obowi\u0105zek prawny (np. wystawianie faktur, prowadzenie ewidencji) (art. 6 ust. 1 lit. c RODO),<\/span><\/p><p><span style=\"color: #000000;\">Prawnie uzasadniony interes administratora (art. 6 ust. 1 lit. f RODO) w przypadku dochodzenia roszcze\u0144 czy zapewnienia bezpiecze\u0144stwa.<\/span><\/p><ol start=\"5\"><li><span style=\"color: #000000;\">Odbiorcy danych Dane mog\u0105 by\u0107 udost\u0119pniane:<\/span><\/li><\/ol><p><span style=\"color: #000000;\">Podmiotom \u015bwiadcz\u0105cym us\u0142ugi ksi\u0119gowe, prawne i IT na rzecz administratora, Organom publicznym w zakresie wymaganym przez prawo.<\/span><\/p><ol start=\"6\"><li><span style=\"color: #000000;\">Okres przechowywania danych Dane b\u0119d\u0105 przechowywane przez okres:<\/span><\/li><\/ol><p><span style=\"color: #000000;\">Nie d\u0142u\u017cej ni\u017c to konieczne dla realizacji umowy i wymog\u00f3w podatkowych,<\/span><\/p><p><span style=\"color: #000000;\">Do czasu przedawnienia ewentualnych roszcze\u0144.<\/span><\/p><ol start=\"7\"><li><span style=\"color: #000000;\">Prawa go\u015bci Go\u015bcie maj\u0105 prawo do:<\/span><\/li><\/ol><p><span style=\"color: #000000;\">Dost\u0119pu do swoich danych,<\/span><\/p><p><span style=\"color: #000000;\">Sprostowania lub usuni\u0119cia danych,<\/span><\/p><p><span style=\"color: #000000;\">Ograniczenia przetwarzania,<\/span><\/p><p><span style=\"color: #000000;\">Przenoszenia danych,<\/span><\/p><p><span style=\"color: #000000;\">Sprzeciwu wobec przetwarzania, Wniesienia skargi do Prezesa Urz\u0119du Ochrony Danych Osobowych.<\/span><\/p><ol start=\"8\"><li><span style=\"color: #000000;\">Zabezpieczenia Dok\u0142adamy wszelkich stara\u0144, aby zapewni\u0107 bezpiecze\u0144stwo danych poprzez odpowiednie \u015brodki techniczne i organizacyjne.<\/span><\/li><li><span style=\"color: #000000;\">Kontakt W sprawach zwi\u0105zanych z ochron\u0105 danych osobowych mo\u017cna skontaktowa\u0107 si\u0119 pod adresem e-mail: biuro@apartamentgdyniababiedoly.pl lub telefonicznie: +48 576 864 608<\/span><\/li><li><span style=\"color: #000000;\">Zmiany w polityce prywatno\u015bci Zastrzegamy sobie prawo do wprowadzania zmian w niniejszej polityce. Aktualna wersja b\u0119dzie dost\u0119pna na stronie internetowej.<\/span><\/li><\/ol><p><span style=\"color: #0000ff;\"><strong><span style=\"font-family: Calibri, sans-serif; font-size: 11pt; text-align: var(--text-align);\">Apartament Gdynia Babie Do\u0142y<\/span><\/strong><\/span><br \/><span style=\"color: #0000ff;\"><strong><span style=\"font-size: 14px; text-align: var(--text-align);\">RUT-IT Rados\u0142aw Rutkowski<\/span><\/strong><\/span><br \/><span style=\"color: #0000ff;\"><strong><span style=\"font-size: 14px; text-align: var(--text-align);\">ul. Ikara 22\/IV\/7<\/span><\/strong><\/span><br \/><span style=\"color: #0000ff;\"><strong><span style=\"font-size: 14px; text-align: var(--text-align);\">81-197 Gdynia<\/span><\/strong><\/span><br \/><span style=\"color: #0000ff;\"><strong><span style=\"font-size: 14px; text-align: var(--text-align);\">Tel. +48 576 864 608<\/span><\/strong><\/span><br \/><span style=\"color: #0000ff;\"><strong><span style=\"font-size: 14px; text-align: var(--text-align);\">NIP: 958 139 32 98<\/span><\/strong><\/span><br \/><span style=\"color: #0000ff;\"><strong><span style=\"font-size: 14px; text-align: var(--text-align);\">REGON: 540876620<\/span><\/strong><\/span><\/p>\t\t\t\t\t\t\t\t<\/div>\n\t\t\t\t<\/div>\n\t\t\t\t\t<\/div>\n\t\t\t\t<\/div>\n\t\t<div class=\"elementor-element elementor-element-9d58c0f e-flex e-con-boxed e-con e-child\" data-id=\"9d58c0f\" data-element_type=\"container\" data-e-type=\"container\">\n\t\t\t\t\t<div class=\"e-con-inner\">\n\t\t\t\t<div class=\"elementor-element elementor-element-66b38ed elementor-widget-mobile__width-initial elementor-invisible elementor-widget elementor-widget-text-editor\" data-id=\"66b38ed\" data-element_type=\"widget\" data-e-type=\"widget\" data-settings=\"{&quot;_animation&quot;:&quot;rotateIn&quot;}\" data-widget_type=\"text-editor.default\">\n\t\t\t\t<div class=\"elementor-widget-container\">\n\t\t\t\t\t\t\t\t\t<p style=\"text-align: center;\">\u00a0 \u00a0<a href=\"http:\/\/www.apartamentgdyniababiedoly.pl\">www.apartamentgdyniababiedoly.pl<\/a><\/p>\t\t\t\t\t\t\t\t<\/div>\n\t\t\t\t<\/div>\n\t\t\t\t\t<\/div>\n\t\t\t\t<\/div>\n\t\t<div class=\"elementor-element elementor-element-d444907 e-flex e-con-boxed e-con e-parent\" data-id=\"d444907\" data-element_type=\"container\" data-e-type=\"container\">\n\t\t\t\t\t<div class=\"e-con-inner\">\n\t\t\t\t<div class=\"elementor-element elementor-element-e5a3997 elementor-widget elementor-widget-text-editor\" data-id=\"e5a3997\" data-element_type=\"widget\" data-e-type=\"widget\" data-widget_type=\"text-editor.default\">\n\t\t\t\t<div class=\"elementor-widget-container\">\n\t\t\t\t\t\t\t\t\t<h5 class=\"ekit-heading--title elementskit-section-title \" style=\"text-align: center;\">Copyright 2025 \u00a9 <a href=\"http:\/\/www.rut-it.pl\">RUT-IT &amp; Apartament Gdynia Babie Do\u0142y \u00a0<\/a>\u00a0<a href=\"https:\/\/apartamentgdyniababiedoly.pl\/?page_id=1653\">Polityka Prywatno\u015bci Apartament Gdynia Babie Do\u0142y<\/a><\/h5>\t\t\t\t\t\t\t\t<\/div>\n\t\t\t\t<\/div>\n\t\t\t\t\t<\/div>\n\t\t\t\t<\/div>\n\t\t\t\t<\/div>\n\t\t","protected":false},"excerpt":{"rendered":"<p>Polityka Prywatno\u015bci Apartamentu Gdynia Babie Do\u0142y\u00a0 \u00a0\u201e RUT-IT Rados\u0142aw Rutkowski ul. Ikara 22\/IV\/7\u00a0 81-197 Gdynia NIP: 958 139 32 98 REGON: 540876620 \u201d Postanowienia og\u00f3lne Niniejsza Polityka Prywatno\u015bci okre\u015bla zasady przetwarzania i ochrony danych osobowych go\u015bci Apartamentu Gdynia Babie Do\u0142y, zgodnie z Rozporz\u0105dzeniem Parlamentu Europejskiego i Rady (UE) 2016\/679 z dnia 27 kwietnia 2016 r. [&hellip;]<\/p>\n","protected":false},"author":1,"featured_media":0,"parent":0,"menu_order":0,"comment_status":"closed","ping_status":"closed","template":"","meta":{"ocean_post_layout":"","ocean_both_sidebars_style":"","ocean_both_sidebars_content_width":0,"ocean_both_sidebars_sidebars_width":0,"ocean_sidebar":"","ocean_second_sidebar":"","ocean_disable_margins":"enable","ocean_add_body_class":"","ocean_shortcode_before_top_bar":"","ocean_shortcode_after_top_bar":"","ocean_shortcode_before_header":"","ocean_shortcode_after_header":"","ocean_has_shortcode":"","ocean_shortcode_after_title":"","ocean_shortcode_before_footer_widgets":"","ocean_shortcode_after_footer_widgets":"","ocean_shortcode_before_footer_bottom":"","ocean_shortcode_after_footer_bottom":"","ocean_display_top_bar":"default","ocean_display_header":"default","ocean_header_style":"","ocean_center_header_left_menu":"","ocean_custom_header_template":"","ocean_custom_logo":0,"ocean_custom_retina_logo":0,"ocean_custom_logo_max_width":0,"ocean_custom_logo_tablet_max_width":0,"ocean_custom_logo_mobile_max_width":0,"ocean_custom_logo_max_height":0,"ocean_custom_logo_tablet_max_height":0,"ocean_custom_logo_mobile_max_height":0,"ocean_header_custom_menu":"","ocean_menu_typo_font_family":"","ocean_menu_typo_font_subset":"","ocean_menu_typo_font_size":0,"ocean_menu_typo_font_size_tablet":0,"ocean_menu_typo_font_size_mobile":0,"ocean_menu_typo_font_size_unit":"px","ocean_menu_typo_font_weight":"","ocean_menu_typo_font_weight_tablet":"","ocean_menu_typo_font_weight_mobile":"","ocean_menu_typo_transform":"","ocean_menu_typo_transform_tablet":"","ocean_menu_typo_transform_mobile":"","ocean_menu_typo_line_height":0,"ocean_menu_typo_line_height_tablet":0,"ocean_menu_typo_line_height_mobile":0,"ocean_menu_typo_line_height_unit":"","ocean_menu_typo_spacing":0,"ocean_menu_typo_spacing_tablet":0,"ocean_menu_typo_spacing_mobile":0,"ocean_menu_typo_spacing_unit":"","ocean_menu_link_color":"","ocean_menu_link_color_hover":"","ocean_menu_link_color_active":"","ocean_menu_link_background":"","ocean_menu_link_hover_background":"","ocean_menu_link_active_background":"","ocean_menu_social_links_bg":"","ocean_menu_social_hover_links_bg":"","ocean_menu_social_links_color":"","ocean_menu_social_hover_links_color":"","ocean_disable_title":"default","ocean_disable_heading":"default","ocean_post_title":"","ocean_post_subheading":"","ocean_post_title_style":"","ocean_post_title_background_color":"","ocean_post_title_background":0,"ocean_post_title_bg_image_position":"","ocean_post_title_bg_image_attachment":"","ocean_post_title_bg_image_repeat":"","ocean_post_title_bg_image_size":"","ocean_post_title_height":0,"ocean_post_title_bg_overlay":0.5,"ocean_post_title_bg_overlay_color":"","ocean_disable_breadcrumbs":"default","ocean_breadcrumbs_color":"","ocean_breadcrumbs_separator_color":"","ocean_breadcrumbs_links_color":"","ocean_breadcrumbs_links_hover_color":"","ocean_display_footer_widgets":"default","ocean_display_footer_bottom":"default","ocean_custom_footer_template":"","footnotes":""},"class_list":["post-1653","page","type-page","status-publish","hentry","entry"],"_links":{"self":[{"href":"https:\/\/apartamentgdyniababiedoly.pl\/index.php?rest_route=\/wp\/v2\/pages\/1653","targetHints":{"allow":["GET"]}}],"collection":[{"href":"https:\/\/apartamentgdyniababiedoly.pl\/index.php?rest_route=\/wp\/v2\/pages"}],"about":[{"href":"https:\/\/apartamentgdyniababiedoly.pl\/index.php?rest_route=\/wp\/v2\/types\/page"}],"author":[{"embeddable":true,"href":"https:\/\/apartamentgdyniababiedoly.pl\/index.php?rest_route=\/wp\/v2\/users\/1"}],"replies":[{"embeddable":true,"href":"https:\/\/apartamentgdyniababiedoly.pl\/index.php?rest_route=%2Fwp%2Fv2%2Fcomments&post=1653"}],"version-history":[{"count":40,"href":"https:\/\/apartamentgdyniababiedoly.pl\/index.php?rest_route=\/wp\/v2\/pages\/1653\/revisions"}],"predecessor-version":[{"id":1924,"href":"https:\/\/apartamentgdyniababiedoly.pl\/index.php?rest_route=\/wp\/v2\/pages\/1653\/revisions\/1924"}],"wp:attachment":[{"href":"https:\/\/apartamentgdyniababiedoly.pl\/index.php?rest_route=%2Fwp%2Fv2%2Fmedia&parent=1653"}],"curies":[{"name":"wp","href":"https:\/\/api.w.org\/{rel}","templated":true}]}}